{"id":578,"date":"2021-10-18T08:09:44","date_gmt":"2021-10-18T08:09:44","guid":{"rendered":"https:\/\/manta-izola.com\/wp\/?page_id=578"},"modified":"2023-01-25T18:55:14","modified_gmt":"2023-01-25T18:55:14","slug":"projekti-in-sredstva","status":"publish","type":"page","link":"https:\/\/manta-izola.com\/wp\/?page_id=578","title":{"rendered":"Projekti in sredstva"},"content":{"rendered":"<p><span lang=\"SL\">Manta d.o.o. se je v letu 2020 uspe\u0161no prijavila na javni razpis I.8. Zdravje in varnost. Z veseljem sporo\u010damo, da smo prvi projekt uspe\u0161no zaklju\u010dili in na na\u0161em plovilu 81-IZ, ki ga uporabljamo tudi za gospodarski ribolov, namestili novo hidravli\u010dno dvigalo, nadgradili streho in nadgradili navigacijsko opremo za identifikacijo plovila (AIS), s tem pa izbolj\u0161ali tako delovne pogoje kot samo varnost. Z novo prijavo in dodatnimi sredstvi pa smo na\u0161e plovilo \u0161e dodatno posodobili (klima, obnova sanitarij, generator, lestve).<\/span><\/p>\n<p><a href=\"http:\/\/manta-izola.com\/wp\/wp-content\/uploads\/sklad.png\"><img loading=\"lazy\" decoding=\"async\" class=\"size-full wp-image-574 aligncenter\" src=\"http:\/\/manta-izola.com\/wp\/wp-content\/uploads\/sklad.png\" alt=\"\" width=\"590\" height=\"168\" srcset=\"https:\/\/manta-izola.com\/wp\/wp-content\/uploads\/sklad.png 590w, https:\/\/manta-izola.com\/wp\/wp-content\/uploads\/sklad-300x85.png 300w, https:\/\/manta-izola.com\/wp\/wp-content\/uploads\/sklad-350x100.png 350w\" sizes=\"auto, (max-width: 590px) 100vw, 590px\" \/><\/a><\/p>\n<p>Evropski sklad za pomorstvo in ribi\u0161tvo v RS <a href=\"http:\/\/www.ribiski-sklad.si\/\">http:\/\/www.ribiski-sklad.si\/<\/a><\/p>\n<p>Evropski sklad za pomorstvo in ribi\u0161tvo v EU<br \/>\n<a href=\"https:\/\/ec.europa.eu\/oceans-and-fisheries\/funding\/emfaf_en\">https:\/\/ec.europa.eu\/oceans-and-fisheries\/funding\/emfaf_en<\/a><br \/>\n<div id='gallery-1' class='gallery galleryid-578 gallery-columns-3 gallery-size-thumbnail'><figure class='gallery-item'>\n\t\t\t<div class='gallery-icon landscape'>\n\t\t\t\t<a href='https:\/\/manta-izola.com\/wp\/?attachment_id=581'><img loading=\"lazy\" decoding=\"async\" width=\"150\" height=\"150\" src=\"https:\/\/manta-izola.com\/wp\/wp-content\/uploads\/image001-150x150.jpg\" class=\"attachment-thumbnail size-thumbnail\" alt=\"\" \/><\/a>\n\t\t\t<\/div><\/figure><figure class='gallery-item'>\n\t\t\t<div class='gallery-icon portrait'>\n\t\t\t\t<a href='https:\/\/manta-izola.com\/wp\/?attachment_id=579'><img loading=\"lazy\" decoding=\"async\" width=\"150\" height=\"150\" src=\"https:\/\/manta-izola.com\/wp\/wp-content\/uploads\/79FD6BD3-4823-49F9-BB1B-B606AEEF7C89-150x150.jpg\" class=\"attachment-thumbnail size-thumbnail\" alt=\"\" \/><\/a>\n\t\t\t<\/div><\/figure><figure class='gallery-item'>\n\t\t\t<div class='gallery-icon landscape'>\n\t\t\t\t<a href='https:\/\/manta-izola.com\/wp\/?attachment_id=580'><img loading=\"lazy\" decoding=\"async\" width=\"150\" height=\"150\" src=\"https:\/\/manta-izola.com\/wp\/wp-content\/uploads\/B65EA037-D3A0-433B-ADCB-19F73D1B0DCB-150x150.jpg\" class=\"attachment-thumbnail size-thumbnail\" alt=\"\" \/><\/a>\n\t\t\t<\/div><\/figure><figure class='gallery-item'>\n\t\t\t<div class='gallery-icon landscape'>\n\t\t\t\t<a href='https:\/\/manta-izola.com\/wp\/?attachment_id=596'><img loading=\"lazy\" decoding=\"async\" width=\"150\" height=\"150\" src=\"https:\/\/manta-izola.com\/wp\/wp-content\/uploads\/58A6CF00-0EA0-4CCC-9539-8E7DF08147F7-150x150.jpg\" class=\"attachment-thumbnail size-thumbnail\" alt=\"\" \/><\/a>\n\t\t\t<\/div><\/figure><figure class='gallery-item'>\n\t\t\t<div class='gallery-icon portrait'>\n\t\t\t\t<a href='https:\/\/manta-izola.com\/wp\/?attachment_id=597'><img loading=\"lazy\" decoding=\"async\" width=\"150\" height=\"150\" src=\"https:\/\/manta-izola.com\/wp\/wp-content\/uploads\/59704B77-C632-4912-8A62-E874CDFDB00E-150x150.jpg\" class=\"attachment-thumbnail size-thumbnail\" alt=\"\" \/><\/a>\n\t\t\t<\/div><\/figure><figure class='gallery-item'>\n\t\t\t<div class='gallery-icon landscape'>\n\t\t\t\t<a href='https:\/\/manta-izola.com\/wp\/?attachment_id=598'><img loading=\"lazy\" decoding=\"async\" width=\"150\" height=\"150\" src=\"https:\/\/manta-izola.com\/wp\/wp-content\/uploads\/B1D6F967-67E9-40CC-BB9A-87C926C6710D-150x150.jpg\" class=\"attachment-thumbnail size-thumbnail\" alt=\"\" \/><\/a>\n\t\t\t<\/div><\/figure><figure class='gallery-item'>\n\t\t\t<div class='gallery-icon landscape'>\n\t\t\t\t<a href='https:\/\/manta-izola.com\/wp\/?attachment_id=599'><img loading=\"lazy\" decoding=\"async\" width=\"150\" height=\"150\" src=\"https:\/\/manta-izola.com\/wp\/wp-content\/uploads\/B9E83C74-F741-4369-B932-82B863C6F1DD-150x150.jpg\" class=\"attachment-thumbnail size-thumbnail\" alt=\"\" \/><\/a>\n\t\t\t<\/div><\/figure>\n\t\t<\/div>\n<\/p>","protected":false},"excerpt":{"rendered":"<p class=\"excerpt\">Manta d.o.o. se je v letu 2020 uspe\u0161no prijavila na javni razpis I.8. Zdravje in varnost. Z veseljem sporo\u010damo, da smo prvi projekt uspe\u0161no zaklju\u010dili in na na\u0161em plovilu 81-IZ,&hellip; <span class=\"more-link\">more<\/span><\/p>\n","protected":false},"author":1,"featured_media":0,"parent":0,"menu_order":0,"comment_status":"closed","ping_status":"closed","template":"","meta":{"footnotes":""},"class_list":["post-578","page","type-page","status-publish","hentry"],"_links":{"self":[{"href":"https:\/\/manta-izola.com\/wp\/index.php?rest_route=\/wp\/v2\/pages\/578","targetHints":{"allow":["GET"]}}],"collection":[{"href":"https:\/\/manta-izola.com\/wp\/index.php?rest_route=\/wp\/v2\/pages"}],"about":[{"href":"https:\/\/manta-izola.com\/wp\/index.php?rest_route=\/wp\/v2\/types\/page"}],"author":[{"embeddable":true,"href":"https:\/\/manta-izola.com\/wp\/index.php?rest_route=\/wp\/v2\/users\/1"}],"replies":[{"embeddable":true,"href":"https:\/\/manta-izola.com\/wp\/index.php?rest_route=%2Fwp%2Fv2%2Fcomments&post=578"}],"version-history":[{"count":7,"href":"https:\/\/manta-izola.com\/wp\/index.php?rest_route=\/wp\/v2\/pages\/578\/revisions"}],"predecessor-version":[{"id":601,"href":"https:\/\/manta-izola.com\/wp\/index.php?rest_route=\/wp\/v2\/pages\/578\/revisions\/601"}],"wp:attachment":[{"href":"https:\/\/manta-izola.com\/wp\/index.php?rest_route=%2Fwp%2Fv2%2Fmedia&parent=578"}],"curies":[{"name":"wp","href":"https:\/\/api.w.org\/{rel}","templated":true}]}}