{"id":52,"date":"2014-05-26T12:53:34","date_gmt":"2014-05-26T12:53:34","guid":{"rendered":"http:\/\/manta-izola.com\/wp\/?page_id=52"},"modified":"2015-06-03T06:41:34","modified_gmt":"2015-06-03T06:41:34","slug":"vzdrzevanje-plovil","status":"publish","type":"page","link":"https:\/\/manta-izola.com\/wp\/?page_id=52","title":{"rendered":"Vzdr\u017eevanje plovil"},"content":{"rendered":"<p>Ponujano razli\u010dne vrste vzdr\u017eevalnih dela na plovilih z jamstvom. Pri delu uporabljamo izklju\u010dno kakovostne materiale za zagotavljanje dolge \u017eivljenjske dobe izdelkov.<\/p>\n<p>Predvsem smo specializirani za vzdr\u017eevalna dela na \u017eeleznih plovilih (varjenje, rezanje, oblikovanje, barvanje, ipd.) tako pod vodo kot na kopnem.<\/p>\n<p><a href=\"http:\/\/manta-izola.com\/wp\/wp-content\/uploads\/Slika0561.jpg\"><img loading=\"lazy\" decoding=\"async\" class=\"alignnone  wp-image-490\" src=\"http:\/\/manta-izola.com\/wp\/wp-content\/uploads\/Slika0561-1024x550.jpg\" alt=\"Slika056\" width=\"373\" height=\"201\" srcset=\"https:\/\/manta-izola.com\/wp\/wp-content\/uploads\/Slika0561-1024x550.jpg 1024w, https:\/\/manta-izola.com\/wp\/wp-content\/uploads\/Slika0561-300x161.jpg 300w, https:\/\/manta-izola.com\/wp\/wp-content\/uploads\/Slika0561-350x188.jpg 350w, https:\/\/manta-izola.com\/wp\/wp-content\/uploads\/Slika0561.jpg 1600w\" sizes=\"auto, (max-width: 373px) 100vw, 373px\" \/><\/a>\u00a0<a href=\"http:\/\/manta-izola.com\/wp\/wp-content\/uploads\/20140510_165134.jpg\"><img loading=\"lazy\" decoding=\"async\" class=\" wp-image-486\" src=\"http:\/\/manta-izola.com\/wp\/wp-content\/uploads\/20140510_165134-1024x553.jpg\" alt=\"User comments\" width=\"372\" height=\"200\" srcset=\"https:\/\/manta-izola.com\/wp\/wp-content\/uploads\/20140510_165134-1024x553.jpg 1024w, https:\/\/manta-izola.com\/wp\/wp-content\/uploads\/20140510_165134-300x162.jpg 300w, https:\/\/manta-izola.com\/wp\/wp-content\/uploads\/20140510_165134-350x189.jpg 350w\" sizes=\"auto, (max-width: 372px) 100vw, 372px\" \/><\/a><br \/>\n<a href=\"http:\/\/manta-izola.com\/wp\/wp-content\/uploads\/Slika046.jpg\"><img loading=\"lazy\" decoding=\"async\" class=\"alignnone  wp-image-231\" src=\"http:\/\/manta-izola.com\/wp\/wp-content\/uploads\/Slika046-1024x768.jpg\" alt=\"Slika046\" width=\"319\" height=\"239\" srcset=\"https:\/\/manta-izola.com\/wp\/wp-content\/uploads\/Slika046-1024x768.jpg 1024w, https:\/\/manta-izola.com\/wp\/wp-content\/uploads\/Slika046-300x225.jpg 300w, https:\/\/manta-izola.com\/wp\/wp-content\/uploads\/Slika046.jpg 1600w\" sizes=\"auto, (max-width: 319px) 100vw, 319px\" \/><\/a>\u00a0\u00a0<a href=\"http:\/\/manta-izola.com\/wp\/wp-content\/uploads\/20140512_141553.jpg\"><img loading=\"lazy\" decoding=\"async\" class=\"alignnone  wp-image-488\" src=\"http:\/\/manta-izola.com\/wp\/wp-content\/uploads\/20140512_141553-1024x576.jpg\" alt=\"20140512_141553\" width=\"427\" height=\"240\" srcset=\"https:\/\/manta-izola.com\/wp\/wp-content\/uploads\/20140512_141553-1024x576.jpg 1024w, https:\/\/manta-izola.com\/wp\/wp-content\/uploads\/20140512_141553-300x169.jpg 300w, https:\/\/manta-izola.com\/wp\/wp-content\/uploads\/20140512_141553-350x197.jpg 350w, https:\/\/manta-izola.com\/wp\/wp-content\/uploads\/20140512_141553.jpg 1280w\" sizes=\"auto, (max-width: 427px) 100vw, 427px\" \/><\/a><a href=\"http:\/\/manta-izola.com\/wp\/wp-content\/uploads\/unnamed-10.jpg\"><img loading=\"lazy\" decoding=\"async\" class=\" wp-image-500\" src=\"http:\/\/manta-izola.com\/wp\/wp-content\/uploads\/unnamed-10-300x164.jpg\" alt=\"User comments\" width=\"372\" height=\"203\" srcset=\"https:\/\/manta-izola.com\/wp\/wp-content\/uploads\/unnamed-10-300x164.jpg 300w, https:\/\/manta-izola.com\/wp\/wp-content\/uploads\/unnamed-10-350x191.jpg 350w, https:\/\/manta-izola.com\/wp\/wp-content\/uploads\/unnamed-10.jpg 1016w\" sizes=\"auto, (max-width: 372px) 100vw, 372px\" \/><\/a>\u00a0<a href=\"http:\/\/manta-izola.com\/wp\/wp-content\/uploads\/1.jpg\"><img loading=\"lazy\" decoding=\"async\" class=\"alignnone  wp-image-501\" src=\"http:\/\/manta-izola.com\/wp\/wp-content\/uploads\/1-300x160.jpg\" alt=\"1\" width=\"382\" height=\"204\" srcset=\"https:\/\/manta-izola.com\/wp\/wp-content\/uploads\/1-300x160.jpg 300w, https:\/\/manta-izola.com\/wp\/wp-content\/uploads\/1-1024x548.jpg 1024w, https:\/\/manta-izola.com\/wp\/wp-content\/uploads\/1-350x187.jpg 350w, https:\/\/manta-izola.com\/wp\/wp-content\/uploads\/1.jpg 1073w\" sizes=\"auto, (max-width: 382px) 100vw, 382px\" \/><\/a><\/p>\n<p>User comments<\/p>","protected":false},"excerpt":{"rendered":"<p class=\"excerpt\">Ponujano razli\u010dne vrste vzdr\u017eevalnih dela na plovilih z jamstvom. Pri delu uporabljamo izklju\u010dno kakovostne materiale za zagotavljanje dolge \u017eivljenjske dobe izdelkov. Predvsem smo specializirani za vzdr\u017eevalna dela na \u017eeleznih plovilih&hellip; <span class=\"more-link\">more<\/span><\/p>\n","protected":false},"author":1,"featured_media":0,"parent":0,"menu_order":4,"comment_status":"closed","ping_status":"closed","template":"","meta":{"footnotes":""},"class_list":["post-52","page","type-page","status-publish","hentry"],"_links":{"self":[{"href":"https:\/\/manta-izola.com\/wp\/index.php?rest_route=\/wp\/v2\/pages\/52","targetHints":{"allow":["GET"]}}],"collection":[{"href":"https:\/\/manta-izola.com\/wp\/index.php?rest_route=\/wp\/v2\/pages"}],"about":[{"href":"https:\/\/manta-izola.com\/wp\/index.php?rest_route=\/wp\/v2\/types\/page"}],"author":[{"embeddable":true,"href":"https:\/\/manta-izola.com\/wp\/index.php?rest_route=\/wp\/v2\/users\/1"}],"replies":[{"embeddable":true,"href":"https:\/\/manta-izola.com\/wp\/index.php?rest_route=%2Fwp%2Fv2%2Fcomments&post=52"}],"version-history":[{"count":20,"href":"https:\/\/manta-izola.com\/wp\/index.php?rest_route=\/wp\/v2\/pages\/52\/revisions"}],"predecessor-version":[{"id":506,"href":"https:\/\/manta-izola.com\/wp\/index.php?rest_route=\/wp\/v2\/pages\/52\/revisions\/506"}],"wp:attachment":[{"href":"https:\/\/manta-izola.com\/wp\/index.php?rest_route=%2Fwp%2Fv2%2Fmedia&parent=52"}],"curies":[{"name":"wp","href":"https:\/\/api.w.org\/{rel}","templated":true}]}}