{"id":46,"date":"2014-05-26T12:46:01","date_gmt":"2014-05-26T12:46:01","guid":{"rendered":"http:\/\/manta-izola.com\/wp\/?page_id=46"},"modified":"2015-10-20T05:53:12","modified_gmt":"2015-10-20T05:53:12","slug":"izdelava-plovnih-objektov","status":"publish","type":"page","link":"https:\/\/manta-izola.com\/wp\/?page_id=46","title":{"rendered":"Izdelava plovnih objektov"},"content":{"rendered":"<p><\/p>\n<p style=\"text-align: justify;\">V sodelovanju z Morsko biolo\u0161ko postajo Piran v okviru Nacionalnega in\u0161tituta za biologijo smo izdelali <a href=\"https:\/\/www.nib.si\/mbp\/sl\/buoy\">meteorolo\u0161ko oceanografsko bojo Vida<\/a>, ki le\u017ei 2,28 km od piranskega rta proti Grade\u017eu.<\/p>\n<p><div id='gallery-1' class='gallery galleryid-46 gallery-columns-4 gallery-size-thumbnail'><figure class='gallery-item'>\n\t\t\t<div class='gallery-icon landscape'>\n\t\t\t\t<a href='https:\/\/manta-izola.com\/wp\/wp-content\/uploads\/Slika033-2.jpg'><img loading=\"lazy\" decoding=\"async\" width=\"150\" height=\"150\" src=\"https:\/\/manta-izola.com\/wp\/wp-content\/uploads\/Slika033-2-150x150.jpg\" class=\"attachment-thumbnail size-thumbnail\" alt=\"\" \/><\/a>\n\t\t\t<\/div><\/figure><figure class='gallery-item'>\n\t\t\t<div class='gallery-icon landscape'>\n\t\t\t\t<a href='https:\/\/manta-izola.com\/wp\/wp-content\/uploads\/Slika040-2.jpg'><img loading=\"lazy\" decoding=\"async\" width=\"150\" height=\"150\" src=\"https:\/\/manta-izola.com\/wp\/wp-content\/uploads\/Slika040-2-150x150.jpg\" class=\"attachment-thumbnail size-thumbnail\" alt=\"\" \/><\/a>\n\t\t\t<\/div><\/figure><figure class='gallery-item'>\n\t\t\t<div class='gallery-icon portrait'>\n\t\t\t\t<a href='https:\/\/manta-izola.com\/wp\/wp-content\/uploads\/boja-vida-00.jpg'><img loading=\"lazy\" decoding=\"async\" width=\"150\" height=\"150\" src=\"https:\/\/manta-izola.com\/wp\/wp-content\/uploads\/boja-vida-00-150x150.jpg\" class=\"attachment-thumbnail size-thumbnail\" alt=\"\" \/><\/a>\n\t\t\t<\/div><\/figure><figure class='gallery-item'>\n\t\t\t<div class='gallery-icon landscape'>\n\t\t\t\t<a href='https:\/\/manta-izola.com\/wp\/wp-content\/uploads\/boja-vida-0.jpg'><img loading=\"lazy\" decoding=\"async\" width=\"150\" height=\"150\" src=\"https:\/\/manta-izola.com\/wp\/wp-content\/uploads\/boja-vida-0-150x150.jpg\" class=\"attachment-thumbnail size-thumbnail\" alt=\"\" \/><\/a>\n\t\t\t<\/div><\/figure><figure class='gallery-item'>\n\t\t\t<div class='gallery-icon portrait'>\n\t\t\t\t<a href='https:\/\/manta-izola.com\/wp\/wp-content\/uploads\/boja-vida-2.jpg'><img loading=\"lazy\" decoding=\"async\" width=\"150\" height=\"150\" src=\"https:\/\/manta-izola.com\/wp\/wp-content\/uploads\/boja-vida-2-150x150.jpg\" class=\"attachment-thumbnail size-thumbnail\" alt=\"\" \/><\/a>\n\t\t\t<\/div><\/figure><figure class='gallery-item'>\n\t\t\t<div class='gallery-icon portrait'>\n\t\t\t\t<a href='https:\/\/manta-izola.com\/wp\/wp-content\/uploads\/boja-vida-1.jpg'><img loading=\"lazy\" decoding=\"async\" width=\"150\" height=\"150\" src=\"https:\/\/manta-izola.com\/wp\/wp-content\/uploads\/boja-vida-1-150x150.jpg\" class=\"attachment-thumbnail size-thumbnail\" alt=\"\" \/><\/a>\n\t\t\t<\/div><\/figure>\n\t\t<\/div>\n<\/p>","protected":false},"excerpt":{"rendered":"<p class=\"excerpt\">V sodelovanju z Morsko biolo\u0161ko postajo Piran v okviru Nacionalnega in\u0161tituta za biologijo smo izdelali meteorolo\u0161ko oceanografsko bojo Vida, ki le\u017ei 2,28 km od piranskega rta proti Grade\u017eu. <span class=\"more-link\">more<\/span><\/p>\n","protected":false},"author":1,"featured_media":0,"parent":0,"menu_order":5,"comment_status":"closed","ping_status":"closed","template":"","meta":{"footnotes":""},"class_list":["post-46","page","type-page","status-publish","hentry"],"_links":{"self":[{"href":"https:\/\/manta-izola.com\/wp\/index.php?rest_route=\/wp\/v2\/pages\/46","targetHints":{"allow":["GET"]}}],"collection":[{"href":"https:\/\/manta-izola.com\/wp\/index.php?rest_route=\/wp\/v2\/pages"}],"about":[{"href":"https:\/\/manta-izola.com\/wp\/index.php?rest_route=\/wp\/v2\/types\/page"}],"author":[{"embeddable":true,"href":"https:\/\/manta-izola.com\/wp\/index.php?rest_route=\/wp\/v2\/users\/1"}],"replies":[{"embeddable":true,"href":"https:\/\/manta-izola.com\/wp\/index.php?rest_route=%2Fwp%2Fv2%2Fcomments&post=46"}],"version-history":[{"count":32,"href":"https:\/\/manta-izola.com\/wp\/index.php?rest_route=\/wp\/v2\/pages\/46\/revisions"}],"predecessor-version":[{"id":524,"href":"https:\/\/manta-izola.com\/wp\/index.php?rest_route=\/wp\/v2\/pages\/46\/revisions\/524"}],"wp:attachment":[{"href":"https:\/\/manta-izola.com\/wp\/index.php?rest_route=%2Fwp%2Fv2%2Fmedia&parent=46"}],"curies":[{"name":"wp","href":"https:\/\/api.w.org\/{rel}","templated":true}]}}