{"id":30,"date":"2014-05-26T11:39:36","date_gmt":"2014-05-26T11:39:36","guid":{"rendered":"http:\/\/manta-izola.com\/wp\/?page_id=30"},"modified":"2015-10-20T05:49:55","modified_gmt":"2015-10-20T05:49:55","slug":"tahnicni-podatki-vozila-81-iz","status":"publish","type":"page","link":"https:\/\/manta-izola.com\/wp\/?page_id=30","title":{"rendered":"Najem plovil"},"content":{"rendered":"<p><a href=\"#cen\">Cenik<\/a> | <a href=\"#teh\">Tehni\u010dni podatki plovila<\/a> | <a href=\"#sli\">Slike<\/a><\/p>\n<hr \/>\n<p><a href=\"http:\/\/manta-izola.com\/wp\/wp-content\/uploads\/Dive-Boat-Mata-Bianca_1.jpg\"><img loading=\"lazy\" decoding=\"async\" class=\"alignnone size-full wp-image-392\" src=\"http:\/\/manta-izola.com\/wp\/wp-content\/uploads\/Dive-Boat-Mata-Bianca_1.jpg\" alt=\"Dive Boat Mata Bianca_1\" width=\"672\" height=\"520\" srcset=\"https:\/\/manta-izola.com\/wp\/wp-content\/uploads\/Dive-Boat-Mata-Bianca_1.jpg 672w, https:\/\/manta-izola.com\/wp\/wp-content\/uploads\/Dive-Boat-Mata-Bianca_1-300x232.jpg 300w, https:\/\/manta-izola.com\/wp\/wp-content\/uploads\/Dive-Boat-Mata-Bianca_1-350x271.jpg 350w\" sizes=\"auto, (max-width: 672px) 100vw, 672px\" \/><\/a><\/p>\n<h5><span style=\"color: #ff0000;\">NAJEM GOSPODARSKIH PLOVIL<\/span><\/h5>\n<p><strong>\u00a0<\/strong><\/p>\n<table>\n<tbody>\n<tr>\n<td width=\"235\"><strong><span style=\"text-decoration: underline;\">MANTA BIANCA (81-IZ)<\/span><\/strong><\/td>\n<td width=\"204\"><strong><span style=\"text-decoration: underline;\">OKTOBER &#8211; APRIL<\/span><\/strong><\/td>\n<td width=\"202\"><strong><span style=\"text-decoration: underline;\">MAJ \u2013 SEPTEMBER<\/span><\/strong><\/td>\n<\/tr>\n<tr>\n<td width=\"235\">1\u00a0ura<\/td>\n<td width=\"204\">\u00a0 100 \u20ac<\/td>\n<td width=\"202\">\u00a0 150 \u20ac<\/td>\n<\/tr>\n<tr>\n<td width=\"235\">1\u00a0dan<\/td>\n<td width=\"204\">\u00a0 800 \u20ac<\/td>\n<td width=\"202\">1000 \u20ac<\/td>\n<\/tr>\n<tr>\n<td width=\"235\">7\u00a0dni<\/td>\n<td width=\"204\">3000 \u20ac<\/td>\n<td width=\"202\">4000 \u20ac<\/td>\n<\/tr>\n<tr>\n<td width=\"235\">intervencija<\/td>\n<td width=\"204\">100 %<\/td>\n<td width=\"202\">100 %<\/td>\n<\/tr>\n<\/tbody>\n<\/table>\n<p><strong>\u00a0<\/strong><\/p>\n<table>\n<tbody>\n<tr>\n<td width=\"235\"><strong><span style=\"text-decoration: underline;\">MARLIN 22 (91-IZ)<\/span><\/strong><\/td>\n<td width=\"204\"><strong><span style=\"text-decoration: underline;\">OKTOBER \u2013 APRIL<\/span><\/strong><\/td>\n<td width=\"202\"><strong><span style=\"text-decoration: underline;\">MAJ \u2013 SEPTEMBER<\/span><\/strong><\/td>\n<\/tr>\n<tr>\n<td width=\"235\">1\u00a0dan<\/td>\n<td width=\"204\">100 \u20ac<\/td>\n<td width=\"202\">150 \u20ac<\/td>\n<\/tr>\n<tr>\n<td width=\"235\">7\u00a0dni<\/td>\n<td width=\"204\">500 \u20ac<\/td>\n<td width=\"202\">\u00a0800 \u20ac<\/td>\n<\/tr>\n<tr>\n<td width=\"235\">intervencija<\/td>\n<td width=\"204\">100 %<\/td>\n<td width=\"202\">100 %<\/td>\n<\/tr>\n<\/tbody>\n<\/table>\n<p>Cene so brez DDV.<\/p>\n<p><strong>NAJEM PLOVILA VKLJU\u010cUJE SKIPERJA in DOPLA\u010cILO GORIVA !<\/strong><\/p>\n<hr \/>\n<p><a name=\"teh\"><\/a><\/p>\n<h5><span style=\"color: #ff0000;\">1. Tehni\u010dni podatki plovila 81 &#8211; IZ<\/span><\/h5>\n<ul>\n<li>Material: \u017eelezo &#8211; inox<\/li>\n<li>Dol\u017eina: 15.90 m<\/li>\n<li>\u0160irina: 4.00 m<\/li>\n<li>Ugrez 2.0 m<\/li>\n<li>Te\u017ea: 24 ton<\/li>\n<li>Motor: Caterpilar 3116 (350 km)<\/li>\n<li>Generator: volvo 3.5 kv<\/li>\n<li>Bo\u010dni propeler: 1500 w<\/li>\n<li>Potopna \u010drpalka 2000 l\/min<\/li>\n<li>Navti\u010dna oprema:\n<ul>\n<li>GPS<\/li>\n<li>sonar<\/li>\n<li>VHF-GMDSS (Global Maritime Distress and Safety System)<\/li>\n<li>radar 4kv<\/li>\n<li>magnetni kompas<\/li>\n<li>no\u010dno dnevne oznake za dela pod vodo<\/li>\n<\/ul>\n<\/li>\n<li>Delovna potaplja\u0161ka platforma z dvigalom 1.500 kg,<\/li>\n<li>4 x spalne kabine z dvema le\u017ei\u0161\u010dema<\/li>\n<li>1 x toaleta<\/li>\n<li>Salon z delovnim pultom prirejenim podvodnemu snemanju<\/li>\n<li>Kuhinja:\n<ul>\n<li>kuhalnik<\/li>\n<li>pe\u010dica<\/li>\n<li>hladilnik 50 lit<\/li>\n<li>hladilna skrinja 20 lit (- 20)<\/li>\n<\/ul>\n<\/li>\n<li>Potovalna hitrost: 8 vozlov<\/li>\n<li>Max. hitrost: 10-12 vozlov<\/li>\n<li>Gorivo: 1100 lit<\/li>\n<li>Voda pitna: 2000 lit<\/li>\n<li>Napetost:\n<ul>\n<li>220 v<\/li>\n<li>12\u00a0V<\/li>\n<\/ul>\n<\/li>\n<li>Sidrni vitel s\u00a075 m verige, dodatno krmno sidro<\/li>\n<li>Pnevmatski splav<\/li>\n<\/ul>\n<h5><span style=\"color: #ff0000;\">2. Tehni\u010dni podatki plovila 91-IZ (Marlin 22)<\/span><\/h5>\n<ul>\n<li>Material:\u00a0guma,\u00a0poliester<\/li>\n<li>Dol\u017eina: 6.85\u00a0m<\/li>\n<li>\u0160irina: 2.80 m<\/li>\n<li>Ugrez 0.5\u00a0m<\/li>\n<li>BT: 3.41\u00a0ton<\/li>\n<li>Motor: Evinrude\u00a0(146 kW)<\/li>\n<li>Pomo\u017eni motor:Mercury 5<\/li>\n<li>Potopna \u010drpalka 200 l\/min<\/li>\n<li>Navti\u010dna oprema:\n<ul>\n<li>GPS<\/li>\n<li>sonar<\/li>\n<li>VHF-GMDSS (Global Maritime Distress and Safety System)<\/li>\n<li>AIS (Automatic\u00a0Identification\u00a0System)<\/li>\n<li>magnetni kompas<\/li>\n<\/ul>\n<\/li>\n<li>Potovalna hitrost: 30\u00a0vozlov<\/li>\n<li>Max. hitrost: 45\u00a0vozlov<\/li>\n<li>Gorivo: 250 lit<\/li>\n<li>Voda pitna: 100 lit<\/li>\n<li>Napetost:\n<ul>\n<li>12 v<\/li>\n<\/ul>\n<\/li>\n<li>Pnevmatski splav<\/li>\n<\/ul>\n<hr \/>\n<p><a name=\"sli\"><\/a><\/p>\n<h3>Slike:<\/h3>\n<p><div id='gallery-1' class='gallery galleryid-30 gallery-columns-4 gallery-size-thumbnail'><figure class='gallery-item'>\n\t\t\t<div class='gallery-icon landscape'>\n\t\t\t\t<a href='https:\/\/manta-izola.com\/wp\/wp-content\/uploads\/IMG_0089.jpg'><img loading=\"lazy\" decoding=\"async\" width=\"150\" height=\"150\" src=\"https:\/\/manta-izola.com\/wp\/wp-content\/uploads\/IMG_0089-150x150.jpg\" class=\"attachment-thumbnail size-thumbnail\" alt=\"\" \/><\/a>\n\t\t\t<\/div><\/figure><figure class='gallery-item'>\n\t\t\t<div class='gallery-icon landscape'>\n\t\t\t\t<a href='https:\/\/manta-izola.com\/wp\/wp-content\/uploads\/IMG_0091.jpg'><img loading=\"lazy\" decoding=\"async\" width=\"150\" height=\"150\" src=\"https:\/\/manta-izola.com\/wp\/wp-content\/uploads\/IMG_0091-150x150.jpg\" class=\"attachment-thumbnail size-thumbnail\" alt=\"\" \/><\/a>\n\t\t\t<\/div><\/figure><figure class='gallery-item'>\n\t\t\t<div class='gallery-icon landscape'>\n\t\t\t\t<a href='https:\/\/manta-izola.com\/wp\/wp-content\/uploads\/IMG_0092.jpg'><img loading=\"lazy\" decoding=\"async\" width=\"150\" height=\"150\" src=\"https:\/\/manta-izola.com\/wp\/wp-content\/uploads\/IMG_0092-150x150.jpg\" class=\"attachment-thumbnail size-thumbnail\" alt=\"\" \/><\/a>\n\t\t\t<\/div><\/figure><figure class='gallery-item'>\n\t\t\t<div class='gallery-icon landscape'>\n\t\t\t\t<a href='https:\/\/manta-izola.com\/wp\/wp-content\/uploads\/IMG_0093.jpg'><img loading=\"lazy\" decoding=\"async\" width=\"150\" height=\"150\" src=\"https:\/\/manta-izola.com\/wp\/wp-content\/uploads\/IMG_0093-150x150.jpg\" class=\"attachment-thumbnail size-thumbnail\" alt=\"\" \/><\/a>\n\t\t\t<\/div><\/figure><figure class='gallery-item'>\n\t\t\t<div class='gallery-icon landscape'>\n\t\t\t\t<a href='https:\/\/manta-izola.com\/wp\/wp-content\/uploads\/IMG_0094.jpg'><img loading=\"lazy\" decoding=\"async\" width=\"150\" height=\"150\" src=\"https:\/\/manta-izola.com\/wp\/wp-content\/uploads\/IMG_0094-150x150.jpg\" class=\"attachment-thumbnail size-thumbnail\" alt=\"\" \/><\/a>\n\t\t\t<\/div><\/figure><figure class='gallery-item'>\n\t\t\t<div class='gallery-icon landscape'>\n\t\t\t\t<a href='https:\/\/manta-izola.com\/wp\/wp-content\/uploads\/IMG_0095.jpg'><img loading=\"lazy\" decoding=\"async\" width=\"150\" height=\"150\" src=\"https:\/\/manta-izola.com\/wp\/wp-content\/uploads\/IMG_0095-150x150.jpg\" class=\"attachment-thumbnail size-thumbnail\" alt=\"\" \/><\/a>\n\t\t\t<\/div><\/figure><figure class='gallery-item'>\n\t\t\t<div class='gallery-icon landscape'>\n\t\t\t\t<a href='https:\/\/manta-izola.com\/wp\/wp-content\/uploads\/IMG_0099.jpg'><img loading=\"lazy\" decoding=\"async\" width=\"150\" height=\"150\" src=\"https:\/\/manta-izola.com\/wp\/wp-content\/uploads\/IMG_0099-150x150.jpg\" class=\"attachment-thumbnail size-thumbnail\" alt=\"\" \/><\/a>\n\t\t\t<\/div><\/figure><figure class='gallery-item'>\n\t\t\t<div class='gallery-icon landscape'>\n\t\t\t\t<a href='https:\/\/manta-izola.com\/wp\/wp-content\/uploads\/IMG_0109.jpg'><img loading=\"lazy\" decoding=\"async\" width=\"150\" height=\"150\" src=\"https:\/\/manta-izola.com\/wp\/wp-content\/uploads\/IMG_0109-150x150.jpg\" class=\"attachment-thumbnail size-thumbnail\" alt=\"\" \/><\/a>\n\t\t\t<\/div><\/figure>\n\t\t<\/div>\n<\/p>","protected":false},"excerpt":{"rendered":"<p class=\"excerpt\">Cenik | Tehni\u010dni podatki plovila | Slike NAJEM GOSPODARSKIH PLOVIL \u00a0 MANTA BIANCA (81-IZ) OKTOBER &#8211; APRIL MAJ \u2013 SEPTEMBER 1\u00a0ura \u00a0 100 \u20ac \u00a0 150 \u20ac 1\u00a0dan \u00a0 800&hellip; <span class=\"more-link\">more<\/span><\/p>\n","protected":false},"author":1,"featured_media":0,"parent":0,"menu_order":3,"comment_status":"closed","ping_status":"closed","template":"","meta":{"footnotes":""},"class_list":["post-30","page","type-page","status-publish","hentry"],"_links":{"self":[{"href":"https:\/\/manta-izola.com\/wp\/index.php?rest_route=\/wp\/v2\/pages\/30","targetHints":{"allow":["GET"]}}],"collection":[{"href":"https:\/\/manta-izola.com\/wp\/index.php?rest_route=\/wp\/v2\/pages"}],"about":[{"href":"https:\/\/manta-izola.com\/wp\/index.php?rest_route=\/wp\/v2\/types\/page"}],"author":[{"embeddable":true,"href":"https:\/\/manta-izola.com\/wp\/index.php?rest_route=\/wp\/v2\/users\/1"}],"replies":[{"embeddable":true,"href":"https:\/\/manta-izola.com\/wp\/index.php?rest_route=%2Fwp%2Fv2%2Fcomments&post=30"}],"version-history":[{"count":44,"href":"https:\/\/manta-izola.com\/wp\/index.php?rest_route=\/wp\/v2\/pages\/30\/revisions"}],"predecessor-version":[{"id":523,"href":"https:\/\/manta-izola.com\/wp\/index.php?rest_route=\/wp\/v2\/pages\/30\/revisions\/523"}],"wp:attachment":[{"href":"https:\/\/manta-izola.com\/wp\/index.php?rest_route=%2Fwp%2Fv2%2Fmedia&parent=30"}],"curies":[{"name":"wp","href":"https:\/\/api.w.org\/{rel}","templated":true}]}}