{"id":20,"date":"2014-05-26T10:30:07","date_gmt":"2014-05-26T10:30:07","guid":{"rendered":"http:\/\/manta-izola.com\/wp\/?page_id=20"},"modified":"2015-05-27T05:55:11","modified_gmt":"2015-05-27T05:55:11","slug":"podvodna-dela","status":"publish","type":"page","link":"https:\/\/manta-izola.com\/wp\/?page_id=20","title":{"rendered":"Podvodna dela"},"content":{"rendered":"<p><a href=\"#pdp\">Dela na plovilih<\/a> | <a href=\"#pppo\">Pregled plovnih objektov<\/a> | <a href=\"#dpl\">Dvigovanje potopljenih ladij<\/a> | <a href=\"#dok\">Dokovanje<\/a> | <a href=\"#cen\">Cenik<\/a><\/p>\n<p style=\"text-align: justify;\">Opravljamo razli\u010dna podvodna dela s profesionalno opremo Kirby Morgan in scuba potaplja\u0161ko opremo. Oprema Kirby Morgan je namnjena zahtevnej\u0161im podvodnim opravilom do globine 50 metrov in ustreza vsem mednarodnim varnostnim standardom. Uporablja se za civilne in voja\u0161ke namene. Pogostej\u0161a podvodna dela, ki jih opravljamo, so:<\/p>\n<hr \/>\n<h3><a name=\"pdp\"><\/a>Podvodna dela na plovilih<\/h3>\n<p style=\"text-align: justify;\">Na plovilih in plovnih objektih izvajamo manj\u0161e posege, ki se jih lahko zaradi vrste dela in manj\u0161ih stro\u0161kov (odpade dvigovanje plovila na kopno) opravi pod vodo. Primeri takih del so zamenjava Zn (cink) protektorjev, monta\u017ea propelerjev, ipd.<\/p>\n<div id='gallery-1' class='gallery galleryid-20 gallery-columns-4 gallery-size-thumbnail'><figure class='gallery-item'>\n\t\t\t<div class='gallery-icon landscape'>\n\t\t\t\t<a href='https:\/\/manta-izola.com\/wp\/wp-content\/uploads\/IMG_0104_mala.jpg'><img loading=\"lazy\" decoding=\"async\" width=\"150\" height=\"150\" src=\"https:\/\/manta-izola.com\/wp\/wp-content\/uploads\/IMG_0104_mala-150x150.jpg\" class=\"attachment-thumbnail size-thumbnail\" alt=\"\" \/><\/a>\n\t\t\t<\/div><\/figure><figure class='gallery-item'>\n\t\t\t<div class='gallery-icon landscape'>\n\t\t\t\t<a href='https:\/\/manta-izola.com\/wp\/wp-content\/uploads\/IMG_0073_mala.jpg'><img loading=\"lazy\" decoding=\"async\" width=\"150\" height=\"150\" src=\"https:\/\/manta-izola.com\/wp\/wp-content\/uploads\/IMG_0073_mala-150x150.jpg\" class=\"attachment-thumbnail size-thumbnail\" alt=\"\" \/><\/a>\n\t\t\t<\/div><\/figure>\n\t\t<\/div>\n\n<hr \/>\n<h3><a name=\"pppo\"><\/a>Podvodni pregled plovnih objektov<\/h3>\n<table style=\"border: 0px;\" width=\"100%\">\n<tbody>\n<tr>\n<td valign=\"top\">Opravljamo lahko podvodne in\u0161pekcijske preglede plovil. Smo lastniki mednarodnega in\u0161pekcijskega certifikata Russian Maritime Register of Shipping v Sloveniji.<\/p>\n<p><strong>Approved by Russian Maritime Register of Shipping: <a href=\"http:\/\/www.rs-head.spb.ru\/sto\/scan_spp\/0802026275.pdf\">08.01026.275<\/a><\/strong><\/td>\n<td valign=\"top\"><a href=\"http:\/\/manta-izola.com\/wp\/wp-content\/uploads\/russinaRSlogo.gif\"><img loading=\"lazy\" decoding=\"async\" class=\"alignnone size-full wp-image-14\" src=\"http:\/\/manta-izola.com\/wp\/wp-content\/uploads\/russinaRSlogo.gif\" alt=\"russinaRSlogo\" width=\"200\" height=\"200\" \/><\/a><\/td>\n<\/tr>\n<\/tbody>\n<\/table>\n<p align=\"left\"><embed src=\"http:\/\/www.youtube.com\/v\/myeEW963DwE&amp;hl=en_US&amp;fs=1&amp;\" type=\"application\/x-shockwave-flash\" width=\"425\" height=\"344\"><\/embed><\/p>\n<div id='gallery-2' class='gallery galleryid-20 gallery-columns-4 gallery-size-thumbnail'><figure class='gallery-item'>\n\t\t\t<div class='gallery-icon landscape'>\n\t\t\t\t<a href='https:\/\/manta-izola.com\/wp\/wp-content\/uploads\/IMG_0296_amala.jpg'><img loading=\"lazy\" decoding=\"async\" width=\"150\" height=\"150\" src=\"https:\/\/manta-izola.com\/wp\/wp-content\/uploads\/IMG_0296_amala-150x150.jpg\" class=\"attachment-thumbnail size-thumbnail\" alt=\"\" \/><\/a>\n\t\t\t<\/div><\/figure><figure class='gallery-item'>\n\t\t\t<div class='gallery-icon landscape'>\n\t\t\t\t<a href='https:\/\/manta-izola.com\/wp\/wp-content\/uploads\/IMG_0290_mala.jpg'><img loading=\"lazy\" decoding=\"async\" width=\"150\" height=\"150\" src=\"https:\/\/manta-izola.com\/wp\/wp-content\/uploads\/IMG_0290_mala-150x150.jpg\" class=\"attachment-thumbnail size-thumbnail\" alt=\"\" \/><\/a>\n\t\t\t<\/div><\/figure>\n\t\t<\/div>\n\n<hr \/>\n<h3><a name=\"dpl\"><\/a>Dvigovanje potopljenih ladij<\/h3>\n<p>V Jadranu smo v pristani\u0161\u010dih in na odprtem morju dvignili \u017ee preko 20 plovil. Dvigujemo lahko plovila dolga do 24 metrov (do 100 ton) do globine 50 metrov.<\/p>\n<div id='gallery-3' class='gallery galleryid-20 gallery-columns-4 gallery-size-thumbnail'><figure class='gallery-item'>\n\t\t\t<div class='gallery-icon landscape'>\n\t\t\t\t<a href='https:\/\/manta-izola.com\/wp\/wp-content\/uploads\/16032010262.jpg'><img loading=\"lazy\" decoding=\"async\" width=\"150\" height=\"150\" src=\"https:\/\/manta-izola.com\/wp\/wp-content\/uploads\/16032010262-150x150.jpg\" class=\"attachment-thumbnail size-thumbnail\" alt=\"\" \/><\/a>\n\t\t\t<\/div><\/figure><figure class='gallery-item'>\n\t\t\t<div class='gallery-icon landscape'>\n\t\t\t\t<a href='https:\/\/manta-izola.com\/wp\/wp-content\/uploads\/16032010264.jpg'><img loading=\"lazy\" decoding=\"async\" width=\"150\" height=\"150\" src=\"https:\/\/manta-izola.com\/wp\/wp-content\/uploads\/16032010264-150x150.jpg\" class=\"attachment-thumbnail size-thumbnail\" alt=\"\" \/><\/a>\n\t\t\t<\/div><\/figure><figure class='gallery-item'>\n\t\t\t<div class='gallery-icon landscape'>\n\t\t\t\t<a href='https:\/\/manta-izola.com\/wp\/wp-content\/uploads\/16032010266.jpg'><img loading=\"lazy\" decoding=\"async\" width=\"150\" height=\"150\" src=\"https:\/\/manta-izola.com\/wp\/wp-content\/uploads\/16032010266-150x150.jpg\" class=\"attachment-thumbnail size-thumbnail\" alt=\"\" \/><\/a>\n\t\t\t<\/div><\/figure><figure class='gallery-item'>\n\t\t\t<div class='gallery-icon landscape'>\n\t\t\t\t<a href='https:\/\/manta-izola.com\/wp\/wp-content\/uploads\/16032010267.jpg'><img loading=\"lazy\" decoding=\"async\" width=\"150\" height=\"150\" src=\"https:\/\/manta-izola.com\/wp\/wp-content\/uploads\/16032010267-150x150.jpg\" class=\"attachment-thumbnail size-thumbnail\" alt=\"\" \/><\/a>\n\t\t\t<\/div><\/figure><figure class='gallery-item'>\n\t\t\t<div class='gallery-icon landscape'>\n\t\t\t\t<a href='https:\/\/manta-izola.com\/wp\/wp-content\/uploads\/DSC_0055.jpg'><img loading=\"lazy\" decoding=\"async\" width=\"150\" height=\"150\" src=\"https:\/\/manta-izola.com\/wp\/wp-content\/uploads\/DSC_0055-150x150.jpg\" class=\"attachment-thumbnail size-thumbnail\" alt=\"\" \/><\/a>\n\t\t\t<\/div><\/figure><figure class='gallery-item'>\n\t\t\t<div class='gallery-icon landscape'>\n\t\t\t\t<a href='https:\/\/manta-izola.com\/wp\/wp-content\/uploads\/DSC_0070.jpg'><img loading=\"lazy\" decoding=\"async\" width=\"150\" height=\"150\" src=\"https:\/\/manta-izola.com\/wp\/wp-content\/uploads\/DSC_0070-150x150.jpg\" class=\"attachment-thumbnail size-thumbnail\" alt=\"\" \/><\/a>\n\t\t\t<\/div><\/figure><figure class='gallery-item'>\n\t\t\t<div class='gallery-icon landscape'>\n\t\t\t\t<a href='https:\/\/manta-izola.com\/wp\/wp-content\/uploads\/DSC_0083.jpg'><img loading=\"lazy\" decoding=\"async\" width=\"150\" height=\"150\" src=\"https:\/\/manta-izola.com\/wp\/wp-content\/uploads\/DSC_0083-150x150.jpg\" class=\"attachment-thumbnail size-thumbnail\" alt=\"\" \/><\/a>\n\t\t\t<\/div><\/figure><figure class='gallery-item'>\n\t\t\t<div class='gallery-icon landscape'>\n\t\t\t\t<a href='https:\/\/manta-izola.com\/wp\/wp-content\/uploads\/DSC_0103.jpg'><img loading=\"lazy\" decoding=\"async\" width=\"150\" height=\"150\" src=\"https:\/\/manta-izola.com\/wp\/wp-content\/uploads\/DSC_0103-150x150.jpg\" class=\"attachment-thumbnail size-thumbnail\" alt=\"\" \/><\/a>\n\t\t\t<\/div><\/figure><figure class='gallery-item'>\n\t\t\t<div class='gallery-icon landscape'>\n\t\t\t\t<a href='https:\/\/manta-izola.com\/wp\/wp-content\/uploads\/DSC_0118.jpg'><img loading=\"lazy\" decoding=\"async\" width=\"150\" height=\"150\" src=\"https:\/\/manta-izola.com\/wp\/wp-content\/uploads\/DSC_0118-150x150.jpg\" class=\"attachment-thumbnail size-thumbnail\" alt=\"\" \/><\/a>\n\t\t\t<\/div><\/figure><figure class='gallery-item'>\n\t\t\t<div class='gallery-icon landscape'>\n\t\t\t\t<a href='https:\/\/manta-izola.com\/wp\/wp-content\/uploads\/DSC_0121.jpg'><img loading=\"lazy\" decoding=\"async\" width=\"150\" height=\"150\" src=\"https:\/\/manta-izola.com\/wp\/wp-content\/uploads\/DSC_0121-150x150.jpg\" class=\"attachment-thumbnail size-thumbnail\" alt=\"\" \/><\/a>\n\t\t\t<\/div><\/figure><figure class='gallery-item'>\n\t\t\t<div class='gallery-icon landscape'>\n\t\t\t\t<a href='https:\/\/manta-izola.com\/wp\/wp-content\/uploads\/DSC_0126.jpg'><img loading=\"lazy\" decoding=\"async\" width=\"150\" height=\"150\" src=\"https:\/\/manta-izola.com\/wp\/wp-content\/uploads\/DSC_0126-150x150.jpg\" class=\"attachment-thumbnail size-thumbnail\" alt=\"\" \/><\/a>\n\t\t\t<\/div><\/figure><figure class='gallery-item'>\n\t\t\t<div class='gallery-icon landscape'>\n\t\t\t\t<a href='https:\/\/manta-izola.com\/wp\/wp-content\/uploads\/DSC_0127.jpg'><img loading=\"lazy\" decoding=\"async\" width=\"150\" height=\"150\" src=\"https:\/\/manta-izola.com\/wp\/wp-content\/uploads\/DSC_0127-150x150.jpg\" class=\"attachment-thumbnail size-thumbnail\" alt=\"\" \/><\/a>\n\t\t\t<\/div><\/figure>\n\t\t<\/div>\n\n<hr \/>\n<h3><a name=\"dok\"><\/a>Dokovanje<\/h3>\n<p>Izvajamo asistenco pri dokovanju &#8211; postavitvi ladij v dok.<\/p>\n<div id='gallery-4' class='gallery galleryid-20 gallery-columns-3 gallery-size-thumbnail'><figure class='gallery-item'>\n\t\t\t<div class='gallery-icon landscape'>\n\t\t\t\t<a href='https:\/\/manta-izola.com\/wp\/wp-content\/uploads\/Slika020-2.jpg'><img loading=\"lazy\" decoding=\"async\" width=\"150\" height=\"150\" src=\"https:\/\/manta-izola.com\/wp\/wp-content\/uploads\/Slika020-2-150x150.jpg\" class=\"attachment-thumbnail size-thumbnail\" alt=\"\" \/><\/a>\n\t\t\t<\/div><\/figure>\n\t\t<\/div>\n\n<p>&nbsp;<\/p>\n<h3><a name=\"cen\"><\/a>Cenik:<\/h3>\n<h5>PODVODNA DELA<\/h5>\n<h6><span style=\"color: #ff0000;\">POTAPLJANJE S\u00a0SCUBA OPREMO<\/span><\/h6>\n<table>\n<tbody>\n<tr>\n<td width=\"186\">h =URA<\/td>\n<td width=\"111\">do\u00a015\u00a0m<\/td>\n<td width=\"111\">do\u00a030\u00a0m<\/td>\n<td width=\"112\">do\u00a050\u00a0m<\/td>\n<td width=\"121\">pod\u00a050\u00a0m<\/td>\n<\/tr>\n<tr>\n<td width=\"186\">T= nad 15\u00b0C<\/td>\n<td width=\"111\">100 \u20ac<\/td>\n<td width=\"111\">200 \u20ac<\/td>\n<td width=\"112\">400 \u20ac<\/td>\n<td rowspan=\"10\" width=\"121\">PO<\/p>\n<p>DOGOVORU<\/td>\n<\/tr>\n<tr>\n<td width=\"186\">T=\u00a0pod 15\u00b0C<\/td>\n<td width=\"111\">150 \u20ac<\/td>\n<td width=\"111\">250 \u20ac<\/td>\n<td width=\"112\">400 \u20ac<\/td>\n<\/tr>\n<tr>\n<td width=\"186\">no\u010dna h nad 15\u00b0C<\/td>\n<td width=\"111\">200 \u20ac<\/td>\n<td width=\"111\">400 \u20ac<\/td>\n<td width=\"112\">1000 \u20ac<\/td>\n<\/tr>\n<tr>\n<td width=\"186\">no\u010dna h pod 15\u00b0C<\/td>\n<td width=\"111\">250 \u20ac<\/td>\n<td width=\"111\">450 \u20ac<\/td>\n<td width=\"112\">1000 \u20ac<\/td>\n<\/tr>\n<tr>\n<td width=\"186\">INTERVENCIJA<\/td>\n<td colspan=\"3\" width=\"334\">+ 100 %<\/td>\n<\/tr>\n<tr>\n<td width=\"186\">h \u2013 podvodno slikanje<\/td>\n<td colspan=\"3\" width=\"334\">150 \u20ac + POTAPLJA\u010c<\/td>\n<\/tr>\n<tr>\n<td width=\"186\">h \u2013 podvodno snemanje<\/td>\n<td colspan=\"3\" width=\"334\">200 \u20ac + POTAPLJA\u010c<\/td>\n<\/tr>\n<tr>\n<td width=\"186\">\/dan \u2013 podvodna padala \u2013 1 tona<\/td>\n<td width=\"111\">100 \u20ac<\/td>\n<td width=\"111\">200 \u20ac<\/td>\n<td width=\"112\">400 \u20ac<\/td>\n<\/tr>\n<tr>\n<td width=\"186\">\u010cAKALNA URA<\/td>\n<td colspan=\"3\" width=\"334\">50 \u20ac<\/td>\n<\/tr>\n<tr>\n<td width=\"186\">IZDELAVA PORO\u010cILA<\/td>\n<td colspan=\"3\" width=\"334\">100 \u20ac<\/td>\n<\/tr>\n<\/tbody>\n<\/table>\n<h6><span style=\"color: #ff0000;\">POTAPLJANJE S\u00a0\u010cELADAMI KIRBY MORGAN<\/span><\/h6>\n<table>\n<tbody>\n<tr>\n<td width=\"187\">h=URA<\/td>\n<td width=\"108\">do\u00a015\u00a0m<\/td>\n<td width=\"120\">do\u00a030 m<\/td>\n<td width=\"108\">\u00a0do 50\u00a0m<\/td>\n<td width=\"118\">pod\u00a050\u00a0m<\/td>\n<\/tr>\n<tr>\n<td width=\"187\">h nad 15\u00b0C<\/td>\n<td width=\"108\">300 \u20ac<\/td>\n<td width=\"120\">450 \u20ac<\/td>\n<td width=\"108\">600 \u20ac<\/td>\n<td rowspan=\"10\" width=\"118\">PO<\/p>\n<p>DOGOVORU<\/td>\n<\/tr>\n<tr>\n<td width=\"187\">h pod 15\u00b0C<\/td>\n<td width=\"108\">350 \u20ac<\/td>\n<td width=\"120\">500 \u20ac<\/td>\n<td width=\"108\">600 \u20ac<\/td>\n<\/tr>\n<tr>\n<td width=\"187\">No\u010dna h nad 15\u00b0C<\/td>\n<td width=\"108\">400 \u20ac<\/td>\n<td width=\"120\">600 \u20ac<\/td>\n<td width=\"108\">1000 \u20ac<\/td>\n<\/tr>\n<tr>\n<td width=\"187\">No\u010dna h pod 15\u00b0C<\/td>\n<td width=\"108\">450 \u20ac<\/td>\n<td width=\"120\">650 \u20ac<\/td>\n<td width=\"108\">1000 \u20ac<\/td>\n<\/tr>\n<tr>\n<td width=\"187\">INTERVENCIJA<\/td>\n<td colspan=\"3\" width=\"336\">+ 100 %<\/td>\n<\/tr>\n<tr>\n<td width=\"187\">h \u2013 podvodno slikanje<\/td>\n<td colspan=\"3\" width=\"336\">150 \u20ac + POTAPLJA\u010c<\/td>\n<\/tr>\n<tr>\n<td width=\"187\">h \u2013 podvodno snemanje<\/td>\n<td colspan=\"3\" width=\"336\">500 \u20ac + POTAPLJA\u010c<\/td>\n<\/tr>\n<tr>\n<td width=\"187\">\/dan \u2013 podvodna padala \u2013 1 tona<\/td>\n<td width=\"108\">100 \u20ac<\/td>\n<td width=\"120\">200 \u20ac<\/td>\n<td width=\"108\">400 \u20ac<\/td>\n<\/tr>\n<tr>\n<td width=\"187\">\u010cAKALNA URA<\/td>\n<td colspan=\"3\" width=\"336\">200 \u20ac<\/td>\n<\/tr>\n<tr>\n<td width=\"187\">IZDELAVA PORO\u010cILA<\/td>\n<td colspan=\"3\" width=\"336\">500 \u20ac<\/td>\n<\/tr>\n<\/tbody>\n<\/table>\n<h6><span style=\"color: #ff0000;\">NAJEM POTAPLJA\u0160KE OPREME (SCUBA OPREMA)<\/span><\/h6>\n<table>\n<tbody>\n<tr>\n<td width=\"214\">artikel<\/td>\n<td width=\"214\">1 dan<\/td>\n<\/tr>\n<tr>\n<td width=\"214\">obleka letna<\/td>\n<td width=\"214\">10 \u20ac<\/td>\n<\/tr>\n<tr>\n<td width=\"214\">obleka zimska \u2013 suha<\/td>\n<td width=\"214\">50 \u20ac<\/td>\n<\/tr>\n<tr>\n<td width=\"214\">kompenzator plovnosti<\/td>\n<td width=\"214\">10 \u20ac<\/td>\n<\/tr>\n<tr>\n<td width=\"214\">regulator+man.+okt.<\/td>\n<td width=\"214\">15 \u20ac<\/td>\n<\/tr>\n<tr>\n<td width=\"214\">abc oprema<\/td>\n<td width=\"214\">2 \u20ac<\/td>\n<\/tr>\n<tr>\n<td width=\"214\">visokotla\u010dna p. 10 l<\/td>\n<td width=\"214\">10 \u20ac<\/td>\n<\/tr>\n<tr>\n<td width=\"214\">visokotla\u010dna p. 15 l<\/td>\n<td width=\"214\">15 \u20ac<\/td>\n<\/tr>\n<tr>\n<td width=\"214\">zrak 1 liter<\/td>\n<td width=\"214\">1 \u20ac<\/td>\n<\/tr>\n<tr>\n<td width=\"214\">ute\u017ei<\/td>\n<td width=\"214\">5 \u20ac<\/td>\n<\/tr>\n<tr>\n<td width=\"214\">podvodna svetilka<\/td>\n<td width=\"214\">15 \u20ac<\/td>\n<\/tr>\n<\/tbody>\n<\/table>\n<h6><span style=\"color: #ff0000;\">POLNJENJE VISOKOTLA\u010cNIH POSOD<\/span><\/h6>\n<p>ZRAK:<\/p>\n<p>200 \/ 300 BAR \u2013 1 liter \u2013 1 \u20ac<\/p>\n<div align=\"center\"><\/div>\n<p><\/p>","protected":false},"excerpt":{"rendered":"<p class=\"excerpt\">Dela na plovilih | Pregled plovnih objektov | Dvigovanje potopljenih ladij | Dokovanje | Cenik Opravljamo razli\u010dna podvodna dela s profesionalno opremo Kirby Morgan in scuba potaplja\u0161ko opremo. Oprema Kirby&hellip; <span class=\"more-link\">more<\/span><\/p>\n","protected":false},"author":1,"featured_media":0,"parent":0,"menu_order":6,"comment_status":"closed","ping_status":"closed","template":"","meta":{"footnotes":""},"class_list":["post-20","page","type-page","status-publish","hentry"],"_links":{"self":[{"href":"https:\/\/manta-izola.com\/wp\/index.php?rest_route=\/wp\/v2\/pages\/20","targetHints":{"allow":["GET"]}}],"collection":[{"href":"https:\/\/manta-izola.com\/wp\/index.php?rest_route=\/wp\/v2\/pages"}],"about":[{"href":"https:\/\/manta-izola.com\/wp\/index.php?rest_route=\/wp\/v2\/types\/page"}],"author":[{"embeddable":true,"href":"https:\/\/manta-izola.com\/wp\/index.php?rest_route=\/wp\/v2\/users\/1"}],"replies":[{"embeddable":true,"href":"https:\/\/manta-izola.com\/wp\/index.php?rest_route=%2Fwp%2Fv2%2Fcomments&post=20"}],"version-history":[{"count":29,"href":"https:\/\/manta-izola.com\/wp\/index.php?rest_route=\/wp\/v2\/pages\/20\/revisions"}],"predecessor-version":[{"id":485,"href":"https:\/\/manta-izola.com\/wp\/index.php?rest_route=\/wp\/v2\/pages\/20\/revisions\/485"}],"wp:attachment":[{"href":"https:\/\/manta-izola.com\/wp\/index.php?rest_route=%2Fwp%2Fv2%2Fmedia&parent=20"}],"curies":[{"name":"wp","href":"https:\/\/api.w.org\/{rel}","templated":true}]}}